{"id":5,"date":"2016-02-24T13:38:25","date_gmt":"2016-02-24T12:38:25","guid":{"rendered":"http:\/\/mm-creation.com\/www\/lessauterelles\/?page_id=5"},"modified":"2025-09-29T18:15:22","modified_gmt":"2025-09-29T17:15:22","slug":"presentation","status":"publish","type":"page","link":"https:\/\/www.lessauterelles.be\/accueil\/","title":{"rendered":"Pr\u00e9sentation"},"content":{"rendered":"<p>[et_pb_section fb_built=\u00a0\u00bb1&Prime; _builder_version=\u00a0\u00bb4.27.4&Prime; _module_preset=\u00a0\u00bbdefault\u00a0\u00bb background_image=\u00a0\u00bbhttps:\/\/www.lessauterelles.be\/accueil\/wp-content\/uploads\/2016\/02\/bg8.jpg\u00a0\u00bb background_size=\u00a0\u00bbinitial\u00a0\u00bb background_repeat=\u00a0\u00bbrepeat\u00a0\u00bb custom_margin=\u00a0\u00bb0px||||false|false\u00a0\u00bb custom_padding=\u00a0\u00bb0px||||false|false\u00a0\u00bb global_colors_info=\u00a0\u00bb{}\u00a0\u00bb][et_pb_row _builder_version=\u00a0\u00bb4.27.4&Prime; background_size=\u00a0\u00bbinitial\u00a0\u00bb background_position=\u00a0\u00bbtop_left\u00a0\u00bb background_repeat=\u00a0\u00bbrepeat\u00a0\u00bb custom_margin=\u00a0\u00bb||-3%||false|false\u00a0\u00bb custom_padding=\u00a0\u00bb0px||0px||false|false\u00a0\u00bb global_colors_info=\u00a0\u00bb{}\u00a0\u00bb][et_pb_column type=\u00a0\u00bb4_4&Prime; _builder_version=\u00a0\u00bb4.16&Prime; custom_padding=\u00a0\u00bb|||\u00a0\u00bb global_colors_info=\u00a0\u00bb{}\u00a0\u00bb custom_padding__hover=\u00a0\u00bb|||\u00a0\u00bb][et_pb_text _builder_version=\u00a0\u00bb4.27.4&Prime; _module_preset=\u00a0\u00bbdefault\u00a0\u00bb text_text_color=\u00a0\u00bb#5bb4e5&Prime; header_4_text_align=\u00a0\u00bbcenter\u00a0\u00bb header_4_text_color=\u00a0\u00bb#ffffff\u00a0\u00bb background_color=\u00a0\u00bb#5bb4e5&Prime; text_orientation=\u00a0\u00bbcenter\u00a0\u00bb custom_margin=\u00a0\u00bb0px||||false|false\u00a0\u00bb custom_margin_tablet=\u00a0\u00bb|0px||19px|false|false\u00a0\u00bb custom_margin_phone=\u00a0\u00bb\u00a0\u00bb custom_margin_last_edited=\u00a0\u00bbon|desktop\u00a0\u00bb custom_padding=\u00a0\u00bb8px||||false|false\u00a0\u00bb animation_style=\u00a0\u00bbslide\u00a0\u00bb animation_duration=\u00a0\u00bb2000ms\u00a0\u00bb animation_delay=\u00a0\u00bb1000ms\u00a0\u00bb header_4_font_size_tablet=\u00a0\u00bb\u00a0\u00bb header_4_font_size_phone=\u00a0\u00bb23px\u00a0\u00bb header_4_font_size_last_edited=\u00a0\u00bbon|desktop\u00a0\u00bb global_colors_info=\u00a0\u00bb{}\u00a0\u00bb]<\/p>\n<h4>Une cr\u00e8che conviviale et accueillante au c\u0153ur de Berchem-Sainte-Agathe<\/h4>\n<p>[\/et_pb_text][\/et_pb_column][\/et_pb_row][\/et_pb_section][et_pb_section fb_built=\u00a0\u00bb1&Prime; fullwidth=\u00a0\u00bbon\u00a0\u00bb _builder_version=\u00a0\u00bb4.27.4&Prime; _module_preset=\u00a0\u00bbdefault\u00a0\u00bb background_image=\u00a0\u00bbhttps:\/\/www.lessauterelles.be\/accueil\/wp-content\/uploads\/2016\/02\/bg8.jpg\u00a0\u00bb background_size=\u00a0\u00bbinitial\u00a0\u00bb background_repeat=\u00a0\u00bbrepeat\u00a0\u00bb custom_padding=\u00a0\u00bb0px||38px||false|false\u00a0\u00bb animation_style=\u00a0\u00bbfade\u00a0\u00bb global_colors_info=\u00a0\u00bb{}\u00a0\u00bb][et_pb_fullwidth_slider admin_label=\u00a0\u00bbCurseur de d\u00e9filement plein \u00e9cran\u00a0\u00bb _builder_version=\u00a0\u00bb4.27.4&Prime; _module_preset=\u00a0\u00bbdefault\u00a0\u00bb content_width_tablet=\u00a0\u00bb100%\u00a0\u00bb content_width_phone=\u00a0\u00bb100%\u00a0\u00bb content_width_last_edited=\u00a0\u00bbon|phone\u00a0\u00bb custom_padding=\u00a0\u00bb23%||23%||false|false\u00a0\u00bb custom_padding_tablet=\u00a0\u00bb23%||23%||false|false\u00a0\u00bb custom_padding_phone=\u00a0\u00bb22%||22%||true|false\u00a0\u00bb custom_padding_last_edited=\u00a0\u00bbon|phone\u00a0\u00bb auto=\u00a0\u00bbon\u00a0\u00bb auto_speed=\u00a0\u00bb5000&Prime; auto_ignore_hover=\u00a0\u00bbon\u00a0\u00bb global_colors_info=\u00a0\u00bb{}\u00a0\u00bb][et_pb_slide _builder_version=\u00a0\u00bb4.27.4&Prime; _module_preset=\u00a0\u00bbdefault\u00a0\u00bb background_enable_color=\u00a0\u00bboff\u00a0\u00bb background_image=\u00a0\u00bbhttps:\/\/www.lessauterelles.be\/accueil\/wp-content\/uploads\/2016\/03\/Accueil-creche2-1-e1754500697639.jpg\u00a0\u00bb background_enable_image=\u00a0\u00bbon\u00a0\u00bb background_size=\u00a0\u00bbstretch\u00a0\u00bb width=\u00a0\u00bb100%\u00a0\u00bb max_width=\u00a0\u00bb100%\u00a0\u00bb global_colors_info=\u00a0\u00bb{}\u00a0\u00bb sticky_transition=\u00a0\u00bbon\u00a0\u00bb][\/et_pb_slide][et_pb_slide _builder_version=\u00a0\u00bb4.27.4&Prime; _module_preset=\u00a0\u00bbdefault\u00a0\u00bb background_image=\u00a0\u00bbhttps:\/\/www.lessauterelles.be\/accueil\/wp-content\/uploads\/2016\/03\/bebe-petitenfant.jpg\u00a0\u00bb background_enable_image=\u00a0\u00bbon\u00a0\u00bb background_size=\u00a0\u00bbstretch\u00a0\u00bb width=\u00a0\u00bb100%\u00a0\u00bb max_width=\u00a0\u00bb100%\u00a0\u00bb global_colors_info=\u00a0\u00bb{}\u00a0\u00bb sticky_transition=\u00a0\u00bbon\u00a0\u00bb][\/et_pb_slide][et_pb_slide _builder_version=\u00a0\u00bb4.27.4&Prime; _module_preset=\u00a0\u00bbdefault\u00a0\u00bb background_enable_color=\u00a0\u00bboff\u00a0\u00bb background_image=\u00a0\u00bbhttps:\/\/www.lessauterelles.be\/accueil\/wp-content\/uploads\/2016\/03\/Jeux-creche2.jpg\u00a0\u00bb background_enable_image=\u00a0\u00bbon\u00a0\u00bb background_size=\u00a0\u00bbstretch\u00a0\u00bb width=\u00a0\u00bb100%\u00a0\u00bb max_width=\u00a0\u00bb100%\u00a0\u00bb global_colors_info=\u00a0\u00bb{}\u00a0\u00bb sticky_transition=\u00a0\u00bbon\u00a0\u00bb][\/et_pb_slide][et_pb_slide _builder_version=\u00a0\u00bb4.27.4&Prime; _module_preset=\u00a0\u00bbdefault\u00a0\u00bb background_enable_color=\u00a0\u00bboff\u00a0\u00bb background_image=\u00a0\u00bbhttps:\/\/www.lessauterelles.be\/accueil\/wp-content\/uploads\/2016\/03\/Peinture-boule-creche2.jpg\u00a0\u00bb background_enable_image=\u00a0\u00bbon\u00a0\u00bb background_size=\u00a0\u00bbstretch\u00a0\u00bb width=\u00a0\u00bb100%\u00a0\u00bb max_width=\u00a0\u00bb100%\u00a0\u00bb global_colors_info=\u00a0\u00bb{}\u00a0\u00bb sticky_transition=\u00a0\u00bbon\u00a0\u00bb][\/et_pb_slide][et_pb_slide _builder_version=\u00a0\u00bb4.27.4&Prime; _module_preset=\u00a0\u00bbdefault\u00a0\u00bb background_enable_color=\u00a0\u00bboff\u00a0\u00bb background_image=\u00a0\u00bbhttps:\/\/www.lessauterelles.be\/accueil\/wp-content\/uploads\/2016\/03\/salledejeux-bebe2.jpg\u00a0\u00bb background_enable_image=\u00a0\u00bbon\u00a0\u00bb background_size=\u00a0\u00bbstretch\u00a0\u00bb width=\u00a0\u00bb100%\u00a0\u00bb max_width=\u00a0\u00bb100%\u00a0\u00bb global_colors_info=\u00a0\u00bb{}\u00a0\u00bb sticky_transition=\u00a0\u00bbon\u00a0\u00bb][\/et_pb_slide][\/et_pb_fullwidth_slider][\/et_pb_section]<\/p>\n","protected":false},"excerpt":{"rendered":"<p>Une cr\u00e8che conviviale et accueillante au c\u0153ur de Berchem-Sainte-Agathe<\/p>\n","protected":false},"author":1,"featured_media":0,"parent":0,"menu_order":0,"comment_status":"closed","ping_status":"closed","template":"","meta":{"_et_pb_use_builder":"on","_et_pb_old_content":"<p>[soliloquy id=\"52\"]<\/p>","_et_gb_content_width":"","footnotes":""},"class_list":["post-5","page","type-page","status-publish","hentry"],"yoast_head":"<!-- This site is optimized with the Yoast SEO plugin v27.4 - https:\/\/yoast.com\/product\/yoast-seo-wordpress\/ -->\n<title>Pr\u00e9sentation - Les sauterelles<\/title>\n<meta name=\"description\" content=\"Une cr\u00e8che conviviale et accueillante au c\u0153ur de Berchem-Sainte-Agathe \u00e0 Bruxelles\" \/>\n<meta name=\"robots\" content=\"index, follow, max-snippet:-1, max-image-preview:large, max-video-preview:-1\" \/>\n<link rel=\"canonical\" href=\"https:\/\/www.lessauterelles.be\/accueil\/\" \/>\n<meta property=\"og:locale\" content=\"fr_FR\" \/>\n<meta property=\"og:type\" content=\"article\" \/>\n<meta property=\"og:title\" content=\"Pr\u00e9sentation - Les sauterelles\" \/>\n<meta property=\"og:description\" content=\"Une cr\u00e8che conviviale et accueillante au c\u0153ur de Berchem-Sainte-Agathe \u00e0 Bruxelles\" \/>\n<meta property=\"og:url\" content=\"https:\/\/www.lessauterelles.be\/accueil\/\" \/>\n<meta property=\"og:site_name\" content=\"Les sauterelles\" \/>\n<meta property=\"article:modified_time\" content=\"2025-09-29T17:15:22+00:00\" \/>\n<meta name=\"twitter:card\" content=\"summary_large_image\" \/>\n<meta name=\"twitter:label1\" content=\"Dur\u00e9e de lecture estim\u00e9e\" \/>\n\t<meta name=\"twitter:data1\" content=\"1 minute\" \/>\n<script type=\"application\/ld+json\" class=\"yoast-schema-graph\">{\"@context\":\"https:\\\/\\\/schema.org\",\"@graph\":[{\"@type\":\"WebPage\",\"@id\":\"https:\\\/\\\/www.lessauterelles.be\\\/accueil\\\/\",\"url\":\"https:\\\/\\\/www.lessauterelles.be\\\/accueil\\\/\",\"name\":\"Pr\u00e9sentation - Les sauterelles\",\"isPartOf\":{\"@id\":\"https:\\\/\\\/www.lessauterelles.be\\\/accueil\\\/#website\"},\"datePublished\":\"2016-02-24T12:38:25+00:00\",\"dateModified\":\"2025-09-29T17:15:22+00:00\",\"description\":\"Une cr\u00e8che conviviale et accueillante au c\u0153ur de Berchem-Sainte-Agathe \u00e0 Bruxelles\",\"breadcrumb\":{\"@id\":\"https:\\\/\\\/www.lessauterelles.be\\\/accueil\\\/#breadcrumb\"},\"inLanguage\":\"fr-FR\",\"potentialAction\":[{\"@type\":\"ReadAction\",\"target\":[\"https:\\\/\\\/www.lessauterelles.be\\\/accueil\\\/\"]}]},{\"@type\":\"BreadcrumbList\",\"@id\":\"https:\\\/\\\/www.lessauterelles.be\\\/accueil\\\/#breadcrumb\",\"itemListElement\":[{\"@type\":\"ListItem\",\"position\":1,\"name\":\"Accueil\",\"item\":\"https:\\\/\\\/www.lessauterelles.be\\\/accueil\\\/\"},{\"@type\":\"ListItem\",\"position\":2,\"name\":\"Pr\u00e9sentation\"}]},{\"@type\":\"WebSite\",\"@id\":\"https:\\\/\\\/www.lessauterelles.be\\\/accueil\\\/#website\",\"url\":\"https:\\\/\\\/www.lessauterelles.be\\\/accueil\\\/\",\"name\":\"Les sauterelles\",\"description\":\"Une cr\u00e8che conviviale et accueillante au c\u0153ur de Berchem-Sainte-Agathe\u00a0\",\"publisher\":{\"@id\":\"https:\\\/\\\/www.lessauterelles.be\\\/accueil\\\/#organization\"},\"potentialAction\":[{\"@type\":\"SearchAction\",\"target\":{\"@type\":\"EntryPoint\",\"urlTemplate\":\"https:\\\/\\\/www.lessauterelles.be\\\/accueil\\\/?s={search_term_string}\"},\"query-input\":{\"@type\":\"PropertyValueSpecification\",\"valueRequired\":true,\"valueName\":\"search_term_string\"}}],\"inLanguage\":\"fr-FR\"},{\"@type\":\"Organization\",\"@id\":\"https:\\\/\\\/www.lessauterelles.be\\\/accueil\\\/#organization\",\"name\":\"Les sauterelles\",\"url\":\"https:\\\/\\\/www.lessauterelles.be\\\/accueil\\\/\",\"logo\":{\"@type\":\"ImageObject\",\"inLanguage\":\"fr-FR\",\"@id\":\"https:\\\/\\\/www.lessauterelles.be\\\/accueil\\\/#\\\/schema\\\/logo\\\/image\\\/\",\"url\":\"https:\\\/\\\/i0.wp.com\\\/www.lessauterelles.be\\\/accueil\\\/wp-content\\\/uploads\\\/2025\\\/03\\\/babynouch-sohie-katz.png?fit=481%2C486&ssl=1\",\"contentUrl\":\"https:\\\/\\\/i0.wp.com\\\/www.lessauterelles.be\\\/accueil\\\/wp-content\\\/uploads\\\/2025\\\/03\\\/babynouch-sohie-katz.png?fit=481%2C486&ssl=1\",\"width\":481,\"height\":486,\"caption\":\"Les sauterelles\"},\"image\":{\"@id\":\"https:\\\/\\\/www.lessauterelles.be\\\/accueil\\\/#\\\/schema\\\/logo\\\/image\\\/\"}}]}<\/script>\n<!-- \/ Yoast SEO plugin. -->","yoast_head_json":{"title":"Pr\u00e9sentation - Les sauterelles","description":"Une cr\u00e8che conviviale et accueillante au c\u0153ur de Berchem-Sainte-Agathe \u00e0 Bruxelles","robots":{"index":"index","follow":"follow","max-snippet":"max-snippet:-1","max-image-preview":"max-image-preview:large","max-video-preview":"max-video-preview:-1"},"canonical":"https:\/\/www.lessauterelles.be\/accueil\/","og_locale":"fr_FR","og_type":"article","og_title":"Pr\u00e9sentation - Les sauterelles","og_description":"Une cr\u00e8che conviviale et accueillante au c\u0153ur de Berchem-Sainte-Agathe \u00e0 Bruxelles","og_url":"https:\/\/www.lessauterelles.be\/accueil\/","og_site_name":"Les sauterelles","article_modified_time":"2025-09-29T17:15:22+00:00","twitter_card":"summary_large_image","twitter_misc":{"Dur\u00e9e de lecture estim\u00e9e":"1 minute"},"schema":{"@context":"https:\/\/schema.org","@graph":[{"@type":"WebPage","@id":"https:\/\/www.lessauterelles.be\/accueil\/","url":"https:\/\/www.lessauterelles.be\/accueil\/","name":"Pr\u00e9sentation - Les sauterelles","isPartOf":{"@id":"https:\/\/www.lessauterelles.be\/accueil\/#website"},"datePublished":"2016-02-24T12:38:25+00:00","dateModified":"2025-09-29T17:15:22+00:00","description":"Une cr\u00e8che conviviale et accueillante au c\u0153ur de Berchem-Sainte-Agathe \u00e0 Bruxelles","breadcrumb":{"@id":"https:\/\/www.lessauterelles.be\/accueil\/#breadcrumb"},"inLanguage":"fr-FR","potentialAction":[{"@type":"ReadAction","target":["https:\/\/www.lessauterelles.be\/accueil\/"]}]},{"@type":"BreadcrumbList","@id":"https:\/\/www.lessauterelles.be\/accueil\/#breadcrumb","itemListElement":[{"@type":"ListItem","position":1,"name":"Accueil","item":"https:\/\/www.lessauterelles.be\/accueil\/"},{"@type":"ListItem","position":2,"name":"Pr\u00e9sentation"}]},{"@type":"WebSite","@id":"https:\/\/www.lessauterelles.be\/accueil\/#website","url":"https:\/\/www.lessauterelles.be\/accueil\/","name":"Les sauterelles","description":"Une cr\u00e8che conviviale et accueillante au c\u0153ur de Berchem-Sainte-Agathe\u00a0","publisher":{"@id":"https:\/\/www.lessauterelles.be\/accueil\/#organization"},"potentialAction":[{"@type":"SearchAction","target":{"@type":"EntryPoint","urlTemplate":"https:\/\/www.lessauterelles.be\/accueil\/?s={search_term_string}"},"query-input":{"@type":"PropertyValueSpecification","valueRequired":true,"valueName":"search_term_string"}}],"inLanguage":"fr-FR"},{"@type":"Organization","@id":"https:\/\/www.lessauterelles.be\/accueil\/#organization","name":"Les sauterelles","url":"https:\/\/www.lessauterelles.be\/accueil\/","logo":{"@type":"ImageObject","inLanguage":"fr-FR","@id":"https:\/\/www.lessauterelles.be\/accueil\/#\/schema\/logo\/image\/","url":"https:\/\/i0.wp.com\/www.lessauterelles.be\/accueil\/wp-content\/uploads\/2025\/03\/babynouch-sohie-katz.png?fit=481%2C486&ssl=1","contentUrl":"https:\/\/i0.wp.com\/www.lessauterelles.be\/accueil\/wp-content\/uploads\/2025\/03\/babynouch-sohie-katz.png?fit=481%2C486&ssl=1","width":481,"height":486,"caption":"Les sauterelles"},"image":{"@id":"https:\/\/www.lessauterelles.be\/accueil\/#\/schema\/logo\/image\/"}}]}},"jetpack_shortlink":"https:\/\/wp.me\/P9fSHg-5","jetpack_sharing_enabled":true,"_links":{"self":[{"href":"https:\/\/www.lessauterelles.be\/accueil\/wp-json\/wp\/v2\/pages\/5","targetHints":{"allow":["GET"]}}],"collection":[{"href":"https:\/\/www.lessauterelles.be\/accueil\/wp-json\/wp\/v2\/pages"}],"about":[{"href":"https:\/\/www.lessauterelles.be\/accueil\/wp-json\/wp\/v2\/types\/page"}],"author":[{"embeddable":true,"href":"https:\/\/www.lessauterelles.be\/accueil\/wp-json\/wp\/v2\/users\/1"}],"replies":[{"embeddable":true,"href":"https:\/\/www.lessauterelles.be\/accueil\/wp-json\/wp\/v2\/comments?post=5"}],"version-history":[{"count":48,"href":"https:\/\/www.lessauterelles.be\/accueil\/wp-json\/wp\/v2\/pages\/5\/revisions"}],"predecessor-version":[{"id":552,"href":"https:\/\/www.lessauterelles.be\/accueil\/wp-json\/wp\/v2\/pages\/5\/revisions\/552"}],"wp:attachment":[{"href":"https:\/\/www.lessauterelles.be\/accueil\/wp-json\/wp\/v2\/media?parent=5"}],"curies":[{"name":"wp","href":"https:\/\/api.w.org\/{rel}","templated":true}]}}